{"id":134,"date":"2022-12-02T13:32:17","date_gmt":"2022-12-02T13:32:17","guid":{"rendered":"https:\/\/beta.apelsophiebarat.net\/?page_id=134"},"modified":"2023-02-26T21:41:29","modified_gmt":"2023-02-26T21:41:29","slug":"la-vie-a-sophie-barat","status":"publish","type":"page","link":"https:\/\/www.apelsophiebarat.net\/index.php\/la-vie-a-sophie-barat\/","title":{"rendered":"La vie \u00e0 Sophie Barat"},"content":{"rendered":"<p>[et_pb_section fb_built=\u00a0\u00bb1&Prime; _builder_version=\u00a0\u00bb4.19.4&Prime; _module_preset=\u00a0\u00bbdefault\u00a0\u00bb width=\u00a0\u00bb100%\u00a0\u00bb max_width=\u00a0\u00bb100%\u00a0\u00bb min_height=\u00a0\u00bb100px\u00a0\u00bb height=\u00a0\u00bb100px\u00a0\u00bb max_height=\u00a0\u00bb100px\u00a0\u00bb custom_margin=\u00a0\u00bb0px||||false|false\u00a0\u00bb custom_padding=\u00a0\u00bb0px||0px||false|false\u00a0\u00bb top_divider_style=\u00a0\u00bbcurve2&Prime; top_divider_color=\u00a0\u00bb#00506d\u00a0\u00bb top_divider_height=\u00a0\u00bb80px\u00a0\u00bb top_divider_arrangement=\u00a0\u00bbabove_content\u00a0\u00bb global_colors_info=\u00a0\u00bb{}\u00a0\u00bb][\/et_pb_section][et_pb_section fb_built=\u00a0\u00bb1&Prime; _builder_version=\u00a0\u00bb4.19.4&Prime; _module_preset=\u00a0\u00bbdefault\u00a0\u00bb custom_margin=\u00a0\u00bb-45px||||false|false\u00a0\u00bb top_divider_color=\u00a0\u00bb#00506d\u00a0\u00bb bottom_divider_flip=\u00a0\u00bbhorizontal\u00a0\u00bb global_colors_info=\u00a0\u00bb{}\u00a0\u00bb][et_pb_row _builder_version=\u00a0\u00bb4.19.4&Prime; _module_preset=\u00a0\u00bbdefault\u00a0\u00bb custom_margin=\u00a0\u00bb56px||||false|false\u00a0\u00bb global_colors_info=\u00a0\u00bb{}\u00a0\u00bb][et_pb_column type=\u00a0\u00bb4_4&Prime; _builder_version=\u00a0\u00bb4.19.4&Prime; _module_preset=\u00a0\u00bbdefault\u00a0\u00bb global_colors_info=\u00a0\u00bb{}\u00a0\u00bb][\/et_pb_column][\/et_pb_row][et_pb_row _builder_version=\u00a0\u00bb4.19.4&Prime; _module_preset=\u00a0\u00bbdefault\u00a0\u00bb custom_margin=\u00a0\u00bb56px||||false|false\u00a0\u00bb global_colors_info=\u00a0\u00bb{}\u00a0\u00bb][et_pb_column type=\u00a0\u00bb4_4&Prime; _builder_version=\u00a0\u00bb4.19.4&Prime; _module_preset=\u00a0\u00bbdefault\u00a0\u00bb global_colors_info=\u00a0\u00bb{}\u00a0\u00bb][et_pb_accordion toggle_icon=\u00a0\u00bb&#x29;||divi||400&Prime; _builder_version=\u00a0\u00bb4.20.0&Prime; _module_preset=\u00a0\u00bbdefault\u00a0\u00bb hover_enabled=\u00a0\u00bb0&Prime; global_colors_info=\u00a0\u00bb{}\u00a0\u00bb sticky_enabled=\u00a0\u00bb0&Prime;][et_pb_accordion_item title=\u00a0\u00bbInformation Utiles\u00a0\u00bb open=\u00a0\u00bbon\u00a0\u00bb _builder_version=\u00a0\u00bb4.20.0&Prime; _module_preset=\u00a0\u00bbdefault\u00a0\u00bb global_colors_info=\u00a0\u00bb{}\u00a0\u00bb toggle_font=\u00a0\u00bb|||||on|||\u00a0\u00bb]<\/p>\n<p><b>Horaires Primaire<\/b><\/p>\n<table>\n<tbody>\n<tr>\n<td><b>Lundi-Mardi-Jeudi-vendredi<\/b><\/td>\n<td><b>Horaires<\/b><\/td>\n<td><b>Primaire<\/b><\/td>\n<\/tr>\n<tr>\n<td><b>Matin<\/b><\/td>\n<td><span style=\"font-weight: 400;\">8h00-8h25<\/span><\/td>\n<td><span style=\"font-weight: 400;\">Entr\u00e9e par le portail central<\/span><\/td>\n<\/tr>\n<tr>\n<td><b>\u00a0<\/b><\/td>\n<td><span style=\"font-weight: 400;\">8h30-11h30<\/span><\/td>\n<td><span style=\"font-weight: 400;\">Classe<\/span><\/td>\n<\/tr>\n<tr>\n<td><b>Pause m\u00e9ridienne<\/b><\/td>\n<td><span style=\"font-weight: 400;\">11h30-13h15<\/span><\/td>\n<td><span style=\"font-weight: 400;\">D\u00e9jeuner<\/span><\/td>\n<\/tr>\n<tr>\n<td><b><i>\u00a0<\/i><\/b><\/td>\n<td>\n<p><i><span style=\"font-weight: 400;\">12h45-13h15<\/span><\/i><\/p>\n<p><i><span style=\"font-weight: 400;\">(2 fois\/semaine)<\/span><\/i><\/p>\n<\/td>\n<td><i><span style=\"font-weight: 400;\">Aide personnalis\u00e9e<\/span><\/i><\/td>\n<\/tr>\n<tr>\n<td><b>Apr\u00e8s-midi<\/b><\/td>\n<td><span style=\"font-weight: 400;\">13h15-16h30<\/span><\/td>\n<td><span style=\"font-weight: 400;\">Classe<\/span><\/td>\n<\/tr>\n<tr>\n<td><b>\u00a0<\/b><\/td>\n<td><span style=\"font-weight: 400;\">16h30-16h55<\/span><\/td>\n<td><span style=\"font-weight: 400;\">Sortie par le portail central<\/span><\/td>\n<\/tr>\n<tr>\n<td><b>Soir\u00e9e<\/b><\/td>\n<td><span style=\"font-weight: 400;\">17h15-18h15<\/span><\/td>\n<td>\n<p><span style=\"font-weight: 400;\">Etude ou Garderie<\/span><\/p>\n<p><span style=\"font-weight: 400;\">Sortie par la loge du gardien<\/span><\/p>\n<\/td>\n<\/tr>\n<\/tbody>\n<\/table>\n<p><b>Horaires Coll\u00e8ge<\/b><\/p>\n<table>\n<tbody>\n<tr>\n<td><b>Lundi-Mardi-Mercredi matin-Jeudi-vendredi<\/b><\/td>\n<td><b>Horaires<\/b><\/td>\n<td><b>Coll\u00e8ge<\/b><\/td>\n<\/tr>\n<tr>\n<td><b>Matin<\/b><\/td>\n<td><span style=\"font-weight: 400;\">7h45-8h15<\/span><span style=\"font-weight: 400;\"><br \/><\/span><span style=\"font-weight: 400;\">ou 9h10<\/span><\/td>\n<td><span style=\"font-weight: 400;\">Entr\u00e9e par le portail central<\/span><\/td>\n<\/tr>\n<tr>\n<td><b>\u00a0<\/b><\/td>\n<td><span style=\"font-weight: 400;\">8h15\/9h10-11h30\/12h25<\/span><\/td>\n<td><span style=\"font-weight: 400;\">Classe<\/span><\/td>\n<\/tr>\n<tr>\n<td><b>Plage horaire de la pause m\u00e9ridienne<\/b><\/td>\n<td><span style=\"font-weight: 400;\">Entre 11h30 et 13h30<\/span><\/td>\n<td><span style=\"font-weight: 400;\">D\u00e9jeuner<\/span><\/td>\n<\/tr>\n<tr>\n<td><b>Apr\u00e8s-midi<\/b><\/td>\n<td><span style=\"font-weight: 400;\">12h45\/13h45-16h55<\/span><\/td>\n<td><span style=\"font-weight: 400;\">Classe<\/span><\/td>\n<\/tr>\n<tr>\n<td><b>\u00a0<\/b><\/td>\n<td><span style=\"font-weight: 400;\">16h55<\/span><\/td>\n<td><span style=\"font-weight: 400;\">Sortie par le portail central<\/span><\/td>\n<\/tr>\n<tr>\n<td><b>Etude<\/b><\/td>\n<td><span style=\"font-weight: 400;\">17h15 &#8211; 18h10<\/span><\/td>\n<td><span style=\"font-weight: 400;\">Sortie par la loge du gardien<\/span><\/td>\n<\/tr>\n<\/tbody>\n<\/table>\n<p><span style=\"font-weight: 400;\">\u00a0<\/span><\/p>\n<p><b>Horaires Lyc\u00e9e<\/b><\/p>\n<table>\n<tbody>\n<tr>\n<td><b>Lundi-Mardi-Mercredi matin-Jeudi-vendredi<\/b><\/td>\n<td><b>Horaire<\/b><\/td>\n<td><b>Lyc\u00e9e<\/b><\/td>\n<\/tr>\n<tr>\n<td><b>Matin<\/b><\/td>\n<td><span style=\"font-weight: 400;\">8h00-8h15<\/span><\/td>\n<td><span style=\"font-weight: 400;\">Entr\u00e9e par le portail central<\/span><\/td>\n<\/tr>\n<tr>\n<td><b>\u00a0<\/b><\/td>\n<td><span style=\"font-weight: 400;\">8h15-11h25\/12h25<\/span><\/td>\n<td><span style=\"font-weight: 400;\">Classe<\/span><\/td>\n<\/tr>\n<tr>\n<td><b>Plage horaire de la pause m\u00e9ridienne<\/b><\/td>\n<td><span style=\"font-weight: 400;\">11h30-13h30<\/span><\/td>\n<td><span style=\"font-weight: 400;\">D\u00e9jeuner<\/span><\/td>\n<\/tr>\n<tr>\n<td><b>Apr\u00e8s-midi<\/b><\/td>\n<td><span style=\"font-weight: 400;\">12h45\/13h45-17h55<\/span><\/td>\n<td><span style=\"font-weight: 400;\">Classe<\/span><\/td>\n<\/tr>\n<tr>\n<td><b>\u00a0<\/b><\/td>\n<td><span style=\"font-weight: 400;\">17h55<\/span><\/td>\n<td><span style=\"font-weight: 400;\">Sortie par le portail central<\/span><\/td>\n<\/tr>\n<tr>\n<td><b>Etude<\/b><\/td>\n<td><span style=\"font-weight: 400;\">17h15 &#8211; 18h10<\/span><\/td>\n<td><span style=\"font-weight: 400;\">Sortie par la loge du gardien<\/span><\/td>\n<\/tr>\n<\/tbody>\n<\/table>\n<p><span style=\"font-weight: 400;\">\u00a0<\/span><\/p>\n<p>Comment venir \u00e0 Sophie Barat<br \/>1. En voiture :<br \/>Le groupe scolaire Sophie Barat se trouve \u00e0 proximit\u00e9 imm\u00e9diate de l\u2019A86 : prendre la sortie Ch\u00e2tenay-Malabry \/ Verri\u00e8res le Buisson<\/p>\n<p>2. En bus<br \/>Voiture : A86 sortie Ch\u00e2tenay Malabry<br \/>Bus : 294 arr\u00eat groupe scolaire Sophie Barat \/ 196 arr\u00eat rue des grillons<br \/>RER : ligne B arr\u00eat Robinson puis bus 294 \/ ligne B arr\u00eat Antony puis bus 196<\/p>\n<p>Les bus Paladin<br \/>Ligne 15 : Terminus \u00e0 Sophie Barat et la gare RER de Robinson et dessert les villes de Ch\u00e2tenay Malabry et du Plessis Robinson.<br \/>Ligne 18 : Terminus \u00e0 Sophie Barat et dessert la ville de Verri\u00e8res Le Buisson<\/p>\n<p>horaires et plans des lignes:<br \/>https:\/\/www.transdev-idf.com\/r%C3%A9seau-bus-bievre-bus-mobilites\/020<\/p>\n<p>Le bus RATP 194<br \/>Le bus RATP 194 \u00ab Sophie Barat \u00bb sur le cartouche, dessert pendant la p\u00e9riode scolaire uniquement : les sections comprises entre Ch\u00e2tillon-Montrouge-Sophie Barat. Il s\u2019arr\u00eate devant le Groupe Scolaire Sophie Barat le matin \u00e0 7h58 et 8h07, le soir \u00e0 17h12.<br \/>https:\/\/www.ratp.fr\/sites\/default\/files\/lines-assets\/fiche-horaire\/busratp\/fiche-horaire_busratp_ligne-194.1497027471.pdf<\/p>\n<p>Le bus RATP 196 et 294 :<br \/>Horaires ligne 294:<br \/>https:\/\/www.ratp.fr\/sites\/default\/files\/lines-assets\/fiche-horaire\/busratp\/fiche-horaire_busratp_ligne-294.1631540796.pdf<br \/>Horaires ligne 196:<br \/>https:\/\/www.ratp.fr\/sites\/default\/files\/lines-assets\/fiche-horaire\/busratp\/fiche-horaire_busratp_ligne-196.1641568034.pdf<\/p>\n<p><span style=\"text-decoration: underline;\"><strong>Informations sur les SUBVENTION DES TRANSPORTS SCOLAIRES<\/strong><\/span><br \/>En coll\u00e8ge et lyc\u00e9e : Carte \u00ab IMAGINE R \u00bb : formule d\u2019abonnement annuel subventionn\u00e9 partiellement par le Conseil G\u00e9n\u00e9ral concerne les transports par SNCF \u2013 RATP \u2013 lignes APTR. La demander \u00e0 la gare SNCF ou RER la plus proche de votre domicile.<\/p>\n<p>La carte Imagine \u00ab R \u00bb www.imagine-r.com<br \/>La carte scolaire Bus, lignes r\u00e9guli\u00e8res (CSB)<br \/>Information sur le site www.hauts-de-seine.net (\u00e9ducation-jeunesse \/ vie-quotidienne \/ le-transport-scolaire)<br \/>Les formulaires de demande peuvent \u00eatre retir\u00e9s aupr\u00e8s :<br \/>Des entreprises transporteurs<br \/>Sur le site www.optile.com rubriques \u00ab guide pratique \u00bb \u00ab titre de transports \u00bb \u00ab la carte scolaire bus lignes r\u00e9guli\u00e8res \u00bb<br \/>A l\u2019accueil de l\u2019\u00e9tablissement<\/p>\n<p><span style=\"text-decoration: underline;\"><strong>Dates des vacances scolaires 2022-2023<\/strong><\/span><\/p>\n<p><strong>Toussaint<\/strong><br \/>du vendredi 21 octobre (fin des cours) au lundi 7 novembre (jour de reprise)<br \/><strong>No\u00ebl<\/strong><br \/>du vendredi 16 d\u00e9cembre (fin des cours) au mardi 3 janvier (jour de reprise)<br \/><strong>Hiver<\/strong><br \/>du vendredi 17 f\u00e9vrier (fin des cours) au lundi 6 mars (jour de reprise)<br \/><strong>Printemps<\/strong><br \/>du vendredi 21 avril (fin des cours) au mardi 9 mai (jour de reprise)<br \/><strong>Pont de l\u2019Ascension<\/strong><br \/>de l\u2019Ascension du mercredi 17 mai (fin des cours) au lundi 22 mai (jour de reprise)<br \/>\u00c9t\u00e9<br \/><strong>7 juillet 2023 (fin des cours officielle)<\/strong><br \/>Sophie Barat est centre d\u2019examen, la date est donc susceptible d\u2019\u00eatre avanc\u00e9e pour les coll\u00e9giens et les lyc\u00e9ens.<\/p>\n<p>[\/et_pb_accordion_item][\/et_pb_accordion][\/et_pb_column][\/et_pb_row][\/et_pb_section][et_pb_section fb_built=\u00a0\u00bb1&Prime; _builder_version=\u00a0\u00bb4.19.4&Prime; _module_preset=\u00a0\u00bbdefault\u00a0\u00bb min_height=\u00a0\u00bb100px\u00a0\u00bb height=\u00a0\u00bb100px\u00a0\u00bb max_height=\u00a0\u00bb100px\u00a0\u00bb bottom_divider_style=\u00a0\u00bbramp2&Prime; bottom_divider_color=\u00a0\u00bb#00506d\u00a0\u00bb bottom_divider_flip=\u00a0\u00bbhorizontal\u00a0\u00bb global_colors_info=\u00a0\u00bb{}\u00a0\u00bb][\/et_pb_section]<\/p>\n","protected":false},"excerpt":{"rendered":"<p>Horaires Primaire Lundi-Mardi-Jeudi-vendredi Horaires Primaire Matin 8h00-8h25 Entr\u00e9e par le portail central \u00a0 8h30-11h30 Classe Pause m\u00e9ridienne 11h30-13h15 D\u00e9jeuner \u00a0 12h45-13h15 (2 fois\/semaine) Aide personnalis\u00e9e Apr\u00e8s-midi 13h15-16h30 Classe \u00a0 16h30-16h55 Sortie par le portail central Soir\u00e9e 17h15-18h15 Etude ou Garderie Sortie par la loge du gardien Horaires Coll\u00e8ge Lundi-Mardi-Mercredi matin-Jeudi-vendredi Horaires Coll\u00e8ge Matin 7h45-8h15ou 9h10 [&hellip;]<\/p>\n","protected":false},"author":1,"featured_media":0,"parent":0,"menu_order":0,"comment_status":"closed","ping_status":"closed","template":"","meta":{"_et_pb_use_builder":"on","_et_pb_old_content":"","_et_gb_content_width":"","footnotes":""},"class_list":["post-134","page","type-page","status-publish","hentry"],"_links":{"self":[{"href":"https:\/\/www.apelsophiebarat.net\/index.php\/wp-json\/wp\/v2\/pages\/134","targetHints":{"allow":["GET"]}}],"collection":[{"href":"https:\/\/www.apelsophiebarat.net\/index.php\/wp-json\/wp\/v2\/pages"}],"about":[{"href":"https:\/\/www.apelsophiebarat.net\/index.php\/wp-json\/wp\/v2\/types\/page"}],"author":[{"embeddable":true,"href":"https:\/\/www.apelsophiebarat.net\/index.php\/wp-json\/wp\/v2\/users\/1"}],"replies":[{"embeddable":true,"href":"https:\/\/www.apelsophiebarat.net\/index.php\/wp-json\/wp\/v2\/comments?post=134"}],"version-history":[{"count":11,"href":"https:\/\/www.apelsophiebarat.net\/index.php\/wp-json\/wp\/v2\/pages\/134\/revisions"}],"predecessor-version":[{"id":384,"href":"https:\/\/www.apelsophiebarat.net\/index.php\/wp-json\/wp\/v2\/pages\/134\/revisions\/384"}],"wp:attachment":[{"href":"https:\/\/www.apelsophiebarat.net\/index.php\/wp-json\/wp\/v2\/media?parent=134"}],"curies":[{"name":"wp","href":"https:\/\/api.w.org\/{rel}","templated":true}]}}