{"id":1463,"date":"2023-05-30T22:22:00","date_gmt":"2023-05-30T20:22:00","guid":{"rendered":"https:\/\/www.apelsophiebarat.net\/?page_id=1463"},"modified":"2023-05-30T22:29:11","modified_gmt":"2023-05-30T20:29:11","slug":"nouveau-site","status":"publish","type":"page","link":"https:\/\/www.apelsophiebarat.net\/index.php\/nouveau-site\/","title":{"rendered":"Nouveau site internet"},"content":{"rendered":"<p>[et_pb_section fb_built=\u00a0\u00bb1&Prime; _builder_version=\u00a0\u00bb4.21.0&Prime; _module_preset=\u00a0\u00bbdefault\u00a0\u00bb top_divider_style=\u00a0\u00bbcurve2&Prime; top_divider_color=\u00a0\u00bb#00506d\u00a0\u00bb global_colors_info=\u00a0\u00bb{}\u00a0\u00bb][et_pb_row _builder_version=\u00a0\u00bb4.21.0&Prime; _module_preset=\u00a0\u00bbdefault\u00a0\u00bb custom_margin=\u00a0\u00bb40px||||false|false\u00a0\u00bb global_colors_info=\u00a0\u00bb{}\u00a0\u00bb][et_pb_column type=\u00a0\u00bb4_4&Prime; _builder_version=\u00a0\u00bb4.21.0&Prime; _module_preset=\u00a0\u00bbdefault\u00a0\u00bb global_colors_info=\u00a0\u00bb{}\u00a0\u00bb][et_pb_text _builder_version=\u00a0\u00bb4.21.0&Prime; _module_preset=\u00a0\u00bbdefault\u00a0\u00bb global_colors_info=\u00a0\u00bb{}\u00a0\u00bb]<\/p>\n<h1><strong><span>Apel Sophie Barat : Un nouveau site internet<\/span><\/strong><\/h1>\n<p>[\/et_pb_text][et_pb_image src=\u00a0\u00bbhttps:\/\/www.apelsophiebarat.net\/wp-content\/uploads\/2023\/05\/affiche-site-internet-V2-1-scaled.jpg\u00a0\u00bb _builder_version=\u00a0\u00bb4.21.0&Prime; _module_preset=\u00a0\u00bbdefault\u00a0\u00bb title_text=\u00a0\u00bbaffiche site internet V2 (1)\u00a0\u00bb hover_enabled=\u00a0\u00bb0&Prime; sticky_enabled=\u00a0\u00bb0&Prime;][\/et_pb_image][et_pb_text _builder_version=\u00a0\u00bb4.21.0&Prime; _module_preset=\u00a0\u00bbdefault\u00a0\u00bb text_font_size=\u00a0\u00bb23px\u00a0\u00bb text_letter_spacing=\u00a0\u00bb2px\u00a0\u00bb text_line_height=\u00a0\u00bb1.9em\u00a0\u00bb global_colors_info=\u00a0\u00bb{}\u00a0\u00bb]<\/p>\n<p><strong><span>Mai 2023<\/span><\/strong><\/p>\n<p><span>Nous sommes heureux de vous annoncer la mise en ligne de notre nouveau site internet. Moderne et convivial, il vise \u00e0 <strong>faciliter la communication<\/strong> et \u00e0 vous fournir <strong>des informations essentielles<\/strong> sur :<\/span><\/p>\n<ul>\n<li><span> <\/span><span>L\u2019association : \u00e9v\u00e9nements, r\u00e9unions, projets soutenus financi\u00e8rement\u2026,<\/span><\/li>\n<\/ul>\n<ul>\n<li><span> <\/span><span>La vie \u00e0 Sophie Barat : les horaires, les transports, les menus\u2026,<\/span><\/li>\n<\/ul>\n<ul>\n<li><span> <\/span><span>Des ressources p\u00e9dagogiques et des conseils pratiques pour aider \u00e0 soutenir l\u2019apprentissage de vos enfants \u00e0 la maison,<\/span><\/li>\n<\/ul>\n<ul>\n<li><span> <\/span>Nos<span> actualit\u00e9s et de nos actions,<\/span><\/li>\n<\/ul>\n<ul>\n<li><span> <\/span><span>Le calendrier des \u00e9v\u00e9nements.<\/span><\/li>\n<\/ul>\n<p><span>Ce nouveau site internet a \u00e9t\u00e9 d\u00e9velopp\u00e9 dans le but de vous partager les informations de mani\u00e8re plus efficace, vous encourager \u00e0 participer et renforcer le lien entre l&rsquo;\u00e9cole et la communaut\u00e9 des parents d\u2019\u00e9l\u00e8ves.<\/span><\/p>\n<p><span>Nous vous invitons \u00e0 <strong>vous abonner aux notifications par e-mail afin de recevoir<\/strong> en temps r\u00e9el nos annonces et nos mises \u00e0 jour.<\/span><\/p>\n<p><span>L&rsquo;Apel Sophie Barat tient \u00e0 remercier les b\u00e9n\u00e9voles qui ont contribu\u00e9 \u00e0 la r\u00e9alisation de ce projet et ont permis de cr\u00e9er un outil moderne et fonctionnel.<\/span><\/p>\n<p><strong><span>D\u00e9couvrir le nouveau site internet : <\/span><\/strong><span><a href=\"https:\/\/www.apelsophiebarat.net\/\"><strong>https:\/\/www.apelsophiebarat.net\/<\/strong><\/a> <\/span><\/p>\n<p>Au plaisir de vous retrouver le 10 juin, \u00e0 l\u2019occasion de la f\u00eate de l\u2019\u00e9tablissement\u00a0!<\/p>\n<p>L&rsquo;APEL Sophie Barat<\/p>\n<p>contact@apelsophiebarat.net<\/p>\n<p><span>\u00a0<\/span><\/p>\n<p>[\/et_pb_text][\/et_pb_column][\/et_pb_row][\/et_pb_section]<\/p>\n","protected":false},"excerpt":{"rendered":"<p>Apel Sophie Barat : Un nouveau site internetMai 2023 Nous sommes heureux de vous annoncer la mise en ligne de notre nouveau site internet. Moderne et convivial, il vise \u00e0 faciliter la communication et \u00e0 vous fournir des informations essentielles sur : L\u2019association : \u00e9v\u00e9nements, r\u00e9unions, projets soutenus financi\u00e8rement\u2026, La vie \u00e0 Sophie Barat : [&hellip;]<\/p>\n","protected":false},"author":2,"featured_media":1467,"parent":0,"menu_order":0,"comment_status":"closed","ping_status":"closed","template":"","meta":{"_et_pb_use_builder":"on","_et_pb_old_content":"","_et_gb_content_width":"","footnotes":""},"class_list":["post-1463","page","type-page","status-publish","has-post-thumbnail","hentry"],"_links":{"self":[{"href":"https:\/\/www.apelsophiebarat.net\/index.php\/wp-json\/wp\/v2\/pages\/1463","targetHints":{"allow":["GET"]}}],"collection":[{"href":"https:\/\/www.apelsophiebarat.net\/index.php\/wp-json\/wp\/v2\/pages"}],"about":[{"href":"https:\/\/www.apelsophiebarat.net\/index.php\/wp-json\/wp\/v2\/types\/page"}],"author":[{"embeddable":true,"href":"https:\/\/www.apelsophiebarat.net\/index.php\/wp-json\/wp\/v2\/users\/2"}],"replies":[{"embeddable":true,"href":"https:\/\/www.apelsophiebarat.net\/index.php\/wp-json\/wp\/v2\/comments?post=1463"}],"version-history":[{"count":6,"href":"https:\/\/www.apelsophiebarat.net\/index.php\/wp-json\/wp\/v2\/pages\/1463\/revisions"}],"predecessor-version":[{"id":1472,"href":"https:\/\/www.apelsophiebarat.net\/index.php\/wp-json\/wp\/v2\/pages\/1463\/revisions\/1472"}],"wp:featuredmedia":[{"embeddable":true,"href":"https:\/\/www.apelsophiebarat.net\/index.php\/wp-json\/wp\/v2\/media\/1467"}],"wp:attachment":[{"href":"https:\/\/www.apelsophiebarat.net\/index.php\/wp-json\/wp\/v2\/media?parent=1463"}],"curies":[{"name":"wp","href":"https:\/\/api.w.org\/{rel}","templated":true}]}}