{"id":356,"date":"2023-02-26T21:04:50","date_gmt":"2023-02-26T20:04:50","guid":{"rendered":"https:\/\/beta.apelsophiebarat.net\/?page_id=356"},"modified":"2026-01-22T07:33:24","modified_gmt":"2026-01-22T06:33:24","slug":"la-vie-a-sophie-barat-1","status":"publish","type":"page","link":"https:\/\/www.apelsophiebarat.net\/index.php\/la-vie-a-sophie-barat\/la-vie-a-sophie-barat-1\/","title":{"rendered":"La vie \u00e0 Sophie Barat &#8211; Informations utiles"},"content":{"rendered":"<p>[et_pb_section fb_built=\u00a0\u00bb1&Prime; _builder_version=\u00a0\u00bb4.20.2&Prime; _module_preset=\u00a0\u00bbdefault\u00a0\u00bb max_width=\u00a0\u00bb100%\u00a0\u00bb module_alignment=\u00a0\u00bbcenter\u00a0\u00bb height=\u00a0\u00bb900px\u00a0\u00bb custom_margin=\u00a0\u00bb0px||0px||false|false\u00a0\u00bb custom_padding=\u00a0\u00bb102px||0px||false|false\u00a0\u00bb top_divider_style=\u00a0\u00bbcurve2&Prime; top_divider_color=\u00a0\u00bb#00506d\u00a0\u00bb top_divider_height=\u00a0\u00bb68px\u00a0\u00bb top_divider_repeat=\u00a0\u00bb1x\u00a0\u00bb top_divider_arrangement=\u00a0\u00bbabove_content\u00a0\u00bb bottom_divider_style=\u00a0\u00bbwave2&Prime; bottom_divider_color=\u00a0\u00bb#00506d\u00a0\u00bb bottom_divider_flip=\u00a0\u00bbhorizontal\u00a0\u00bb global_colors_info=\u00a0\u00bb{}\u00a0\u00bb][et_pb_row _builder_version=\u00a0\u00bb4.19.2&Prime; _module_preset=\u00a0\u00bbdefault\u00a0\u00bb global_colors_info=\u00a0\u00bb{}\u00a0\u00bb][et_pb_column type=\u00a0\u00bb4_4&Prime; _builder_version=\u00a0\u00bb4.19.2&Prime; _module_preset=\u00a0\u00bbdefault\u00a0\u00bb global_colors_info=\u00a0\u00bb{}\u00a0\u00bb][et_pb_text _builder_version=\u00a0\u00bb4.20.0&Prime; _module_preset=\u00a0\u00bbdefault\u00a0\u00bb header_5_text_align=\u00a0\u00bbcenter\u00a0\u00bb header_5_text_color=\u00a0\u00bb#c55f0d\u00a0\u00bb header_5_font_size=\u00a0\u00bb20px\u00a0\u00bb border_width_bottom=\u00a0\u00bb1px\u00a0\u00bb global_colors_info=\u00a0\u00bb{}\u00a0\u00bb]<\/p>\n<h5>INFORMATIONS UTILES<\/h5>\n<p>[\/et_pb_text][\/et_pb_column][\/et_pb_row][et_pb_row _builder_version=\u00a0\u00bb4.20.2&Prime; _module_preset=\u00a0\u00bbdefault\u00a0\u00bb max_height=\u00a0\u00bb4000px\u00a0\u00bb global_colors_info=\u00a0\u00bb{}\u00a0\u00bb][et_pb_column type=\u00a0\u00bb4_4&Prime; _builder_version=\u00a0\u00bb4.20.2&Prime; _module_preset=\u00a0\u00bbdefault\u00a0\u00bb global_colors_info=\u00a0\u00bb{}\u00a0\u00bb][et_pb_toggle title=\u00a0\u00bbLES HORAIRES\u00a0\u00bb _builder_version=\u00a0\u00bb4.27.4&Prime; _module_preset=\u00a0\u00bbdefault\u00a0\u00bb global_colors_info=\u00a0\u00bb{}\u00a0\u00bb]<\/p>\n<p><span style=\"color: #ff6600;\"><strong>PRIMAIRE<\/strong><\/span><\/p>\n<table border=\"1\" style=\"border-collapse: collapse; width: 100%;\">\n<tbody>\n<tr>\n<td style=\"width: 33.3333%; text-align: center;\">\n<p><strong>J<\/strong><strong>ours d&rsquo;\u00e9cole<\/strong><\/p>\n<p><strong>Lundi &#8211; Mardi &#8211; Jeudi &#8211; Vendredi<\/strong><\/p>\n<\/td>\n<td style=\"width: 33.3333%; text-align: center;\"><strong>Horaires<\/strong><\/td>\n<td style=\"width: 33.3333%; text-align: center;\"><strong>Informations<\/strong><\/td>\n<\/tr>\n<tr>\n<td style=\"width: 33.3333%;\">Ouverture des portes<\/td>\n<td style=\"width: 33.3333%;\">8h00 &#8211; 8h25<\/td>\n<td style=\"width: 33.3333%;\">Entr\u00e9e par le portail central<\/td>\n<\/tr>\n<tr>\n<td style=\"width: 33.3333%;\">Classe<\/td>\n<td style=\"width: 33.3333%;\">8h30 &#8211; 11h30<\/td>\n<td style=\"width: 33.3333%;\"><\/td>\n<\/tr>\n<tr>\n<td style=\"width: 33.3333%;\">Pause m\u00e9ridienne<\/td>\n<td style=\"width: 33.3333%;\">11h30 &#8211; 13h15<\/td>\n<td style=\"width: 33.3333%;\">D\u00e9jeuner au self<\/td>\n<\/tr>\n<tr>\n<td style=\"width: 33.3333%;\">\u00a0Aide personnalis\u00e9e<\/td>\n<td style=\"width: 33.3333%;\">12h45 &#8211; 13h15 (2 fois par semaine)<\/td>\n<td style=\"width: 33.3333%;\">Selon les besoins des \u00e9l\u00e8ves<\/td>\n<\/tr>\n<tr>\n<td style=\"width: 33.3333%;\">Classe<\/td>\n<td style=\"width: 33.3333%;\">13h15 &#8211; 16h30<\/td>\n<td style=\"width: 33.3333%;\"><\/td>\n<\/tr>\n<tr>\n<td style=\"width: 33.3333%;\">Sortie Rang 1<\/td>\n<td style=\"width: 33.3333%;\">16h30<\/td>\n<td style=\"width: 33.3333%;\">Sortie par le portail central<\/td>\n<\/tr>\n<tr>\n<td style=\"width: 33.3333%;\">Sortie Rang 2<\/td>\n<td style=\"width: 33.3333%;\">16h55<\/td>\n<td style=\"width: 33.3333%;\">Sortie par le portail central<\/td>\n<\/tr>\n<tr>\n<td style=\"width: 33.3333%;\"><span>\u00c9<\/span>tude ou Garderie<\/td>\n<td style=\"width: 33.3333%;\">17h15 &#8211; 18h15<\/td>\n<td style=\"width: 33.3333%;\">Sortie par la loge du gardien<\/td>\n<\/tr>\n<\/tbody>\n<\/table>\n<p>&nbsp;<\/p>\n<p><span style=\"color: #ff6600;\"><strong>COLL\u00c8GE<\/strong><\/span><\/p>\n<table border=\"1\" style=\"border-collapse: collapse; width: 100%; height: 384px;\">\n<tbody>\n<tr style=\"height: 96px;\">\n<td style=\"width: 33.3333%; text-align: center; height: 96px;\">\n<p><strong>Jours d&rsquo;\u00e9cole<\/strong><\/p>\n<p><strong>Lundi &#8211; Mardi &#8211; Mercredi (matin) &#8211; Jeudi &#8211; Vendredi<\/strong><\/p>\n<\/td>\n<td style=\"width: 33.3333%; text-align: center; height: 96px;\"><strong>Horaires<\/strong><\/td>\n<td style=\"width: 33.3333%; text-align: center; height: 96px;\"><strong>Informations<\/strong><\/td>\n<\/tr>\n<tr style=\"height: 24px;\">\n<td style=\"width: 33.3333%; height: 24px;\">Ouverture des portes<\/td>\n<td style=\"width: 33.3333%; height: 24px;\">7h45 &#8211; 8h15<\/td>\n<td style=\"width: 33.3333%; height: 24px;\">Entr\u00e9e par le portail central<\/td>\n<\/tr>\n<tr style=\"height: 96px;\">\n<td style=\"width: 33.3333%; height: 96px;\">Classe<\/td>\n<td style=\"width: 33.3333%; height: 96px;\">\n<p>8h15 ou 9h10 &#8211; 11h30 ou 12h25<\/p>\n<p>selon emploi du temps<\/p>\n<\/td>\n<td style=\"width: 33.3333%; height: 96px;\">Mercredi : Sortie \u00e0 11h30 ou 12h30<\/td>\n<\/tr>\n<tr style=\"height: 24px;\">\n<td style=\"width: 33.3333%; height: 24px;\">Pause m\u00e9ridienne<\/td>\n<td style=\"width: 33.3333%; height: 24px;\">1h ou 2h entre 11h30 &#8211; 13h30<\/td>\n<td style=\"width: 33.3333%; height: 24px;\">D\u00e9jeuner au self<\/td>\n<\/tr>\n<tr style=\"height: 96px;\">\n<td style=\"width: 33.3333%; height: 96px;\">Classe<\/td>\n<td style=\"width: 33.3333%; height: 96px;\">\n<p>12h45 ou 13h45 &#8211; 16h55 ou 17h55<\/p>\n<p>selon emploi du temps<\/p>\n<\/td>\n<td style=\"width: 33.3333%; height: 96px;\"><\/td>\n<\/tr>\n<tr style=\"height: 24px;\">\n<td style=\"width: 33.3333%; height: 24px;\">Sortie<\/td>\n<td style=\"width: 33.3333%; height: 24px;\">17h00 ou 18h00<\/td>\n<td style=\"width: 33.3333%; height: 24px;\">Sortie par le portail central (17h) ou par la loge du gardien (18h)<\/td>\n<\/tr>\n<tr style=\"height: 24px;\">\n<td style=\"width: 33.3333%; height: 24px;\"><span>\u00c9<\/span>tude ou Garderie<\/td>\n<td style=\"width: 33.3333%; height: 24px;\">17h15 &#8211; 18h15<\/td>\n<td style=\"width: 33.3333%; height: 24px;\">Sortie par la loge du gardien<\/td>\n<\/tr>\n<\/tbody>\n<\/table>\n<p>&nbsp;<\/p>\n<p><span style=\"color: #ff6600;\"><strong>LYC\u00c9E<\/strong><\/span><\/p>\n<table border=\"1\" style=\"border-collapse: collapse; width: 100%; height: 384px;\">\n<tbody>\n<tr style=\"height: 96px;\">\n<td style=\"width: 33.3333%; text-align: center; height: 96px;\">\n<p><strong>Jours d&rsquo;\u00e9cole<\/strong><\/p>\n<p><strong>Lundi &#8211; Mardi &#8211; Mercredi &#8211; Jeudi &#8211; Vendredi<\/strong><\/p>\n<\/td>\n<td style=\"width: 33.3333%; text-align: center; height: 96px;\"><strong>Horaires<\/strong><\/td>\n<td style=\"width: 33.3333%; text-align: center; height: 96px;\"><strong>Informations<\/strong><\/td>\n<\/tr>\n<tr style=\"height: 24px;\">\n<td style=\"width: 33.3333%; height: 24px;\">Ouverture des portes<\/td>\n<td style=\"width: 33.3333%; height: 24px;\">7h45 &#8211; 8h15<\/td>\n<td style=\"width: 33.3333%; height: 24px;\">Entr\u00e9e par le portail central<\/td>\n<\/tr>\n<tr style=\"height: 96px;\">\n<td style=\"width: 33.3333%; height: 96px;\">Classe<\/td>\n<td style=\"width: 33.3333%; height: 96px;\">\n<p>8h15 &#8211; 11h25 ou 12h25<\/p>\n<p>selon emploi du temps<\/p>\n<\/td>\n<td style=\"width: 33.3333%; height: 96px;\"><\/td>\n<\/tr>\n<tr style=\"height: 24px;\">\n<td style=\"width: 33.3333%; height: 24px;\">Pause m\u00e9ridienne<\/td>\n<td style=\"width: 33.3333%; height: 24px;\">1h ou 2h entre 11h30 &#8211; 13h30<\/td>\n<td style=\"width: 33.3333%; height: 24px;\">D\u00e9jeuner au self<\/td>\n<\/tr>\n<tr style=\"height: 96px;\">\n<td style=\"width: 33.3333%; height: 96px;\">Classe<\/td>\n<td style=\"width: 33.3333%; height: 96px;\">\n<p>12h45 ou 13h45 &#8211; 17h55<\/p>\n<p>selon emploi du temps<\/p>\n<\/td>\n<td style=\"width: 33.3333%; height: 96px;\"><\/td>\n<\/tr>\n<tr style=\"height: 24px;\">\n<td style=\"width: 33.3333%; height: 24px;\">Sortie<\/td>\n<td style=\"width: 33.3333%; height: 24px;\">17h00 ou 18h00<\/td>\n<td style=\"width: 33.3333%; height: 24px;\">Sortie par le portail central (17h) ou par la loge du gardien (18h)<\/td>\n<\/tr>\n<tr style=\"height: 24px;\">\n<td style=\"width: 33.3333%; height: 24px;\"><span>\u00c9<\/span>tude ou Garderie<\/td>\n<td style=\"width: 33.3333%; height: 24px;\">17h15 &#8211; 18h15<\/td>\n<td style=\"width: 33.3333%; height: 24px;\">Sortie par la loge du gardien<\/td>\n<\/tr>\n<\/tbody>\n<\/table>\n<p>[\/et_pb_toggle][et_pb_toggle title=\u00a0\u00bbCOMMENT VENIR \u00c0 SOPHIE BARAT\u00a0\u00bb _builder_version=\u00a0\u00bb4.27.4&Prime; _module_preset=\u00a0\u00bbdefault\u00a0\u00bb hover_enabled=\u00a0\u00bb0&Prime; global_colors_info=\u00a0\u00bb{}\u00a0\u00bb sticky_enabled=\u00a0\u00bb0&Prime;]<\/p>\n<ol>\n<li><span style=\"font-weight: 400;\">\u00a0 \u00a0 <\/span><b><span style=\"color: #ff6600;\">EN VOITURE\u00a0<\/span><\/b><\/li>\n<\/ol>\n<p><span style=\"font-weight: 400;\">Le Groupe Scolaire Sophie Barat se trouve \u00e0 proximit\u00e9 imm\u00e9diate de l\u2019A86 : prendre la sortie Ch\u00e2tenay-Malabry \/ Verri\u00e8res le Buisson<\/span><\/p>\n<p><span style=\"font-weight: 400;\">\u00a0<\/span><\/p>\n<ol start=\"2\">\n<li><b><\/b><span style=\"font-weight: 400;\"> \u00a0 \u00a0 \u00a0 <\/span><span style=\"color: #ff6600;\"><b>EN TRANSPORT EN COMMUN\u00a0<\/b><\/span><\/li>\n<\/ol>\n<ul>\n<li><b>Tramway T10<\/b><\/li>\n<li><b style=\"font-size: 15px;\">Bus 196, 294, 412, 418<\/b><\/li>\n<\/ul>\n<p><strong><\/strong><\/p>\n<p><strong>Pour plus d\u2019informations, consultez le site de la <a href=\"https:\/\/www.ratp.fr\/\">RATP<\/a><\/strong><\/p>\n<ul><\/ul>\n<p>&nbsp;<\/p>\n<p>&nbsp;<\/p>\n<ul><\/ul>\n<p>&nbsp;<\/p>\n<p>[\/et_pb_toggle][\/et_pb_column][\/et_pb_row][\/et_pb_section]<\/p>\n","protected":false},"excerpt":{"rendered":"<p>INFORMATIONS UTILESPRIMAIRE Jours d&rsquo;\u00e9cole Lundi &#8211; Mardi &#8211; Jeudi &#8211; Vendredi Horaires Informations Ouverture des portes 8h00 &#8211; 8h25 Entr\u00e9e par le portail central Classe 8h30 &#8211; 11h30 Pause m\u00e9ridienne 11h30 &#8211; 13h15 D\u00e9jeuner au self \u00a0Aide personnalis\u00e9e 12h45 &#8211; 13h15 (2 fois par semaine) Selon les besoins des \u00e9l\u00e8ves Classe 13h15 &#8211; 16h30 Sortie [&hellip;]<\/p>\n","protected":false},"author":1,"featured_media":0,"parent":134,"menu_order":1,"comment_status":"closed","ping_status":"closed","template":"","meta":{"_et_pb_use_builder":"on","_et_pb_old_content":"","_et_gb_content_width":"","footnotes":""},"class_list":["post-356","page","type-page","status-publish","hentry"],"_links":{"self":[{"href":"https:\/\/www.apelsophiebarat.net\/index.php\/wp-json\/wp\/v2\/pages\/356","targetHints":{"allow":["GET"]}}],"collection":[{"href":"https:\/\/www.apelsophiebarat.net\/index.php\/wp-json\/wp\/v2\/pages"}],"about":[{"href":"https:\/\/www.apelsophiebarat.net\/index.php\/wp-json\/wp\/v2\/types\/page"}],"author":[{"embeddable":true,"href":"https:\/\/www.apelsophiebarat.net\/index.php\/wp-json\/wp\/v2\/users\/1"}],"replies":[{"embeddable":true,"href":"https:\/\/www.apelsophiebarat.net\/index.php\/wp-json\/wp\/v2\/comments?post=356"}],"version-history":[{"count":23,"href":"https:\/\/www.apelsophiebarat.net\/index.php\/wp-json\/wp\/v2\/pages\/356\/revisions"}],"predecessor-version":[{"id":3895,"href":"https:\/\/www.apelsophiebarat.net\/index.php\/wp-json\/wp\/v2\/pages\/356\/revisions\/3895"}],"up":[{"embeddable":true,"href":"https:\/\/www.apelsophiebarat.net\/index.php\/wp-json\/wp\/v2\/pages\/134"}],"wp:attachment":[{"href":"https:\/\/www.apelsophiebarat.net\/index.php\/wp-json\/wp\/v2\/media?parent=356"}],"curies":[{"name":"wp","href":"https:\/\/api.w.org\/{rel}","templated":true}]}}