{"id":3665,"date":"2025-11-18T23:08:58","date_gmt":"2025-11-18T22:08:58","guid":{"rendered":"https:\/\/www.apelsophiebarat.net\/?page_id=3665"},"modified":"2025-11-23T08:17:48","modified_gmt":"2025-11-23T07:17:48","slug":"communication","status":"publish","type":"page","link":"https:\/\/www.apelsophiebarat.net\/index.php\/kermesse\/communication\/","title":{"rendered":"Communication"},"content":{"rendered":"<p>[et_pb_section fb_built=\u00a0\u00bb1&Prime; _builder_version=\u00a0\u00bb4.27.4&Prime; _module_preset=\u00a0\u00bbdefault\u00a0\u00bb global_colors_info=\u00a0\u00bb{}\u00a0\u00bb][et_pb_row _builder_version=\u00a0\u00bb4.27.4&Prime; _module_preset=\u00a0\u00bbdefault\u00a0\u00bb width=\u00a0\u00bb75%\u00a0\u00bb max_width=\u00a0\u00bb1200px\u00a0\u00bb module_alignment=\u00a0\u00bbcenter\u00a0\u00bb global_colors_info=\u00a0\u00bb{}\u00a0\u00bb][et_pb_column type=\u00a0\u00bb4_4&Prime; _builder_version=\u00a0\u00bb4.22.1&Prime; _module_preset=\u00a0\u00bbdefault\u00a0\u00bb global_colors_info=\u00a0\u00bb{}\u00a0\u00bb][et_pb_image src=\u00a0\u00bbhttps:\/\/www.apelsophiebarat.net\/wp-content\/uploads\/2025\/11\/OIUFKE0-1-scaled-e1763572054367.jpg\u00a0\u00bb title_text=\u00a0\u00bbChat communication concept\u00a0\u00bb _builder_version=\u00a0\u00bb4.27.4&Prime; _module_preset=\u00a0\u00bbdefault\u00a0\u00bb hover_enabled=\u00a0\u00bb0&Prime; global_colors_info=\u00a0\u00bb{}\u00a0\u00bb align=\u00a0\u00bbcenter\u00a0\u00bb sticky_enabled=\u00a0\u00bb0&Prime;][\/et_pb_image][et_pb_text _builder_version=\u00a0\u00bb4.27.4&Prime; _module_preset=\u00a0\u00bbdefault\u00a0\u00bb text_font_size=\u00a0\u00bb18px\u00a0\u00bb text_letter_spacing=\u00a0\u00bb2px\u00a0\u00bb text_line_height=\u00a0\u00bb1.8em\u00a0\u00bb global_colors_info=\u00a0\u00bb{}\u00a0\u00bb]<\/p>\n<p>La commission Communication veille \u00e0 faire vivre le lien entre l\u2019APEL, les familles et l\u2019\u00e9tablissement.<\/p>\n<p>Elle anime le site web de l\u2019association, con\u00e7oit les campagnes d\u2019affichage qui rythment la vie de l\u2019\u00e9cole et accompagne la diffusion des informations importantes. Elle participe \u00e9galement \u00e0 l\u2019organisation des conf\u00e9rences th\u00e9matiques destin\u00e9es aux parents, afin de favoriser le partage, la r\u00e9flexion et l\u2019engagement de chacun.<\/p>\n<p>[\/et_pb_text][\/et_pb_column][\/et_pb_row][\/et_pb_section]<\/p>\n","protected":false},"excerpt":{"rendered":"<p>La commission Communication veille \u00e0 faire vivre le lien entre l\u2019APEL, les familles et l\u2019\u00e9tablissement. Elle anime le site web de l\u2019association, con\u00e7oit les campagnes d\u2019affichage qui rythment la vie de l\u2019\u00e9cole et accompagne la diffusion des informations importantes. Elle participe \u00e9galement \u00e0 l\u2019organisation des conf\u00e9rences th\u00e9matiques destin\u00e9es aux parents, afin de favoriser le partage, [&hellip;]<\/p>\n","protected":false},"author":12,"featured_media":0,"parent":2309,"menu_order":1,"comment_status":"closed","ping_status":"closed","template":"","meta":{"_et_pb_use_builder":"on","_et_pb_old_content":"","_et_gb_content_width":"","footnotes":""},"class_list":["post-3665","page","type-page","status-publish","hentry"],"_links":{"self":[{"href":"https:\/\/www.apelsophiebarat.net\/index.php\/wp-json\/wp\/v2\/pages\/3665","targetHints":{"allow":["GET"]}}],"collection":[{"href":"https:\/\/www.apelsophiebarat.net\/index.php\/wp-json\/wp\/v2\/pages"}],"about":[{"href":"https:\/\/www.apelsophiebarat.net\/index.php\/wp-json\/wp\/v2\/types\/page"}],"author":[{"embeddable":true,"href":"https:\/\/www.apelsophiebarat.net\/index.php\/wp-json\/wp\/v2\/users\/12"}],"replies":[{"embeddable":true,"href":"https:\/\/www.apelsophiebarat.net\/index.php\/wp-json\/wp\/v2\/comments?post=3665"}],"version-history":[{"count":9,"href":"https:\/\/www.apelsophiebarat.net\/index.php\/wp-json\/wp\/v2\/pages\/3665\/revisions"}],"predecessor-version":[{"id":3761,"href":"https:\/\/www.apelsophiebarat.net\/index.php\/wp-json\/wp\/v2\/pages\/3665\/revisions\/3761"}],"up":[{"embeddable":true,"href":"https:\/\/www.apelsophiebarat.net\/index.php\/wp-json\/wp\/v2\/pages\/2309"}],"wp:attachment":[{"href":"https:\/\/www.apelsophiebarat.net\/index.php\/wp-json\/wp\/v2\/media?parent=3665"}],"curies":[{"name":"wp","href":"https:\/\/api.w.org\/{rel}","templated":true}]}}