{"id":559,"date":"2023-03-12T10:25:44","date_gmt":"2023-03-12T09:25:44","guid":{"rendered":"https:\/\/beta.apelsophiebarat.net\/?page_id=559"},"modified":"2025-11-18T23:56:38","modified_gmt":"2025-11-18T22:56:38","slug":"ebs-missions","status":"publish","type":"page","link":"https:\/\/www.apelsophiebarat.net\/index.php\/kermesse\/enfants-a-besoins-specifiques\/ebs-missions\/","title":{"rendered":"Enfants \u00e0 besoins sp\u00e9cifiques &#8211; Nos missions"},"content":{"rendered":"<p>[et_pb_section fb_built=\u00a0\u00bb1&Prime; _builder_version=\u00a0\u00bb4.20.2&Prime; _module_preset=\u00a0\u00bbdefault\u00a0\u00bb max_width=\u00a0\u00bb100%\u00a0\u00bb height=\u00a0\u00bb1200px\u00a0\u00bb max_height=\u00a0\u00bb1200px\u00a0\u00bb custom_margin=\u00a0\u00bb0px||0px||false|false\u00a0\u00bb custom_padding=\u00a0\u00bb102px||0px||false|false\u00a0\u00bb top_divider_style=\u00a0\u00bbcurve2&Prime; top_divider_color=\u00a0\u00bb#00506d\u00a0\u00bb top_divider_height=\u00a0\u00bb68px\u00a0\u00bb top_divider_repeat=\u00a0\u00bb1x\u00a0\u00bb top_divider_arrangement=\u00a0\u00bbabove_content\u00a0\u00bb bottom_divider_style=\u00a0\u00bbwave2&Prime; bottom_divider_color=\u00a0\u00bb#00506d\u00a0\u00bb bottom_divider_flip=\u00a0\u00bbhorizontal\u00a0\u00bb global_colors_info=\u00a0\u00bb{}\u00a0\u00bb][et_pb_row _builder_version=\u00a0\u00bb4.19.2&Prime; _module_preset=\u00a0\u00bbdefault\u00a0\u00bb global_colors_info=\u00a0\u00bb{}\u00a0\u00bb][et_pb_column type=\u00a0\u00bb4_4&Prime; _builder_version=\u00a0\u00bb4.19.2&Prime; _module_preset=\u00a0\u00bbdefault\u00a0\u00bb global_colors_info=\u00a0\u00bb{}\u00a0\u00bb][et_pb_text _builder_version=\u00a0\u00bb4.20.2&Prime; _module_preset=\u00a0\u00bbdefault\u00a0\u00bb header_5_text_align=\u00a0\u00bbcenter\u00a0\u00bb header_5_text_color=\u00a0\u00bb#c55f0d\u00a0\u00bb header_5_font_size=\u00a0\u00bb20px\u00a0\u00bb border_width_bottom=\u00a0\u00bb1px\u00a0\u00bb global_colors_info=\u00a0\u00bb{}\u00a0\u00bb]<\/p>\n<h5>NOS MISSIONS<\/h5>\n<p>[\/et_pb_text][\/et_pb_column][\/et_pb_row][et_pb_row _builder_version=\u00a0\u00bb4.20.2&Prime; _module_preset=\u00a0\u00bbdefault\u00a0\u00bb global_colors_info=\u00a0\u00bb{}\u00a0\u00bb][et_pb_column type=\u00a0\u00bb4_4&Prime; _builder_version=\u00a0\u00bb4.20.2&Prime; _module_preset=\u00a0\u00bbdefault\u00a0\u00bb global_colors_info=\u00a0\u00bb{}\u00a0\u00bb][et_pb_text _builder_version=\u00a0\u00bb4.20.2&Prime; _module_preset=\u00a0\u00bbdefault\u00a0\u00bb global_colors_info=\u00a0\u00bb{}\u00a0\u00bb]<\/p>\n<p><span style=\"font-weight: 400;\">Cr\u00e9\u00e9e en octobre 2013, la commission \u00ab Enfants \u00e0 besoins sp\u00e9cifiques \u00bb de l\u2019Apel Sophie Barat s\u2019adresse aux parents concern\u00e9s par les probl\u00e9matiques suivantes :<\/span><\/p>\n<ul>\n<li style=\"font-weight: 400;\" aria-level=\"1\"><span style=\"font-weight: 400;\">handicap,<\/span><\/li>\n<li style=\"font-weight: 400;\" aria-level=\"1\"><span style=\"font-weight: 400;\">troubles des apprentissages,<\/span><\/li>\n<li style=\"font-weight: 400;\" aria-level=\"1\"><span style=\"font-weight: 400;\">pr\u00e9cocit\u00e9,<\/span><\/li>\n<li style=\"font-weight: 400;\" aria-level=\"1\"><span style=\"font-weight: 400;\">ou tout autre difficult\u00e9 n\u00e9cessitant une prise en charge sp\u00e9cifique de l\u2019enfant.<\/span><\/li>\n<\/ul>\n<p><span style=\"font-weight: 400;\">Elle a pour objectif de permettre aux parents d\u2019\u00e9changer, de former un groupe d\u2019entraide, de ressources et de sensibilisation. Dans ce cadre, elle vous propose des rencontres et la publication d\u2019une newsletter trimestrielle.<\/span><\/p>\n<p><span style=\"font-weight: 400;\">Elle a \u00e9galement comme objectif de vous repr\u00e9senter aupr\u00e8s de l\u2019\u00e9quipe p\u00e9dagogique. Nos interlocuteurs principaux au sein de l\u2019\u00e9tablissement sont Madame Lutic, Directrice du premier degr\u00e9, Monsieur Jacquot, Directeur du second degr\u00e9 et Monsieur Belin, Professeur et Coordinateur des Am\u00e9nagements au Secondaire.<\/span><\/p>\n<p>&nbsp;<\/p>\n<p>[\/et_pb_text][\/et_pb_column][\/et_pb_row][et_pb_row _builder_version=\u00a0\u00bb4.20.2&Prime; _module_preset=\u00a0\u00bbdefault\u00a0\u00bb global_colors_info=\u00a0\u00bb{}\u00a0\u00bb][et_pb_column type=\u00a0\u00bb4_4&Prime; _builder_version=\u00a0\u00bb4.20.2&Prime; _module_preset=\u00a0\u00bbdefault\u00a0\u00bb global_colors_info=\u00a0\u00bb{}\u00a0\u00bb][dsm_perspective_image src=\u00a0\u00bbhttps:\/\/www.apelsophiebarat.net\/wp-content\/uploads\/2023\/03\/actions-v2021.jpg\u00a0\u00bb title_text=\u00a0\u00bbactions-v2021&Prime; _builder_version=\u00a0\u00bb4.20.2&Prime; _module_preset=\u00a0\u00bbdefault\u00a0\u00bb global_colors_info=\u00a0\u00bb{}\u00a0\u00bb][\/dsm_perspective_image][\/et_pb_column][\/et_pb_row][\/et_pb_section]<\/p>\n","protected":false},"excerpt":{"rendered":"<p>NOS MISSIONSCr\u00e9\u00e9e en octobre 2013, la commission \u00ab Enfants \u00e0 besoins sp\u00e9cifiques \u00bb de l\u2019Apel Sophie Barat s\u2019adresse aux parents concern\u00e9s par les probl\u00e9matiques suivantes : handicap, troubles des apprentissages, pr\u00e9cocit\u00e9, ou tout autre difficult\u00e9 n\u00e9cessitant une prise en charge sp\u00e9cifique de l\u2019enfant. Elle a pour objectif de permettre aux parents d\u2019\u00e9changer, de former un [&hellip;]<\/p>\n","protected":false},"author":2,"featured_media":0,"parent":573,"menu_order":1,"comment_status":"closed","ping_status":"closed","template":"","meta":{"_et_pb_use_builder":"on","_et_pb_old_content":"","_et_gb_content_width":"","footnotes":""},"class_list":["post-559","page","type-page","status-publish","hentry"],"_links":{"self":[{"href":"https:\/\/www.apelsophiebarat.net\/index.php\/wp-json\/wp\/v2\/pages\/559","targetHints":{"allow":["GET"]}}],"collection":[{"href":"https:\/\/www.apelsophiebarat.net\/index.php\/wp-json\/wp\/v2\/pages"}],"about":[{"href":"https:\/\/www.apelsophiebarat.net\/index.php\/wp-json\/wp\/v2\/types\/page"}],"author":[{"embeddable":true,"href":"https:\/\/www.apelsophiebarat.net\/index.php\/wp-json\/wp\/v2\/users\/2"}],"replies":[{"embeddable":true,"href":"https:\/\/www.apelsophiebarat.net\/index.php\/wp-json\/wp\/v2\/comments?post=559"}],"version-history":[{"count":6,"href":"https:\/\/www.apelsophiebarat.net\/index.php\/wp-json\/wp\/v2\/pages\/559\/revisions"}],"predecessor-version":[{"id":991,"href":"https:\/\/www.apelsophiebarat.net\/index.php\/wp-json\/wp\/v2\/pages\/559\/revisions\/991"}],"up":[{"embeddable":true,"href":"https:\/\/www.apelsophiebarat.net\/index.php\/wp-json\/wp\/v2\/pages\/573"}],"wp:attachment":[{"href":"https:\/\/www.apelsophiebarat.net\/index.php\/wp-json\/wp\/v2\/media?parent=559"}],"curies":[{"name":"wp","href":"https:\/\/api.w.org\/{rel}","templated":true}]}}